{"id":78,"date":"2024-09-14T21:26:00","date_gmt":"2024-09-14T19:26:00","guid":{"rendered":"https:\/\/www.maloya-conciergerie.com\/?page_id=78"},"modified":"2024-09-28T23:12:30","modified_gmt":"2024-09-28T21:12:30","slug":"a-propos","status":"publish","type":"page","link":"https:\/\/www.maloya-conciergerie.com\/index.php\/a-propos\/","title":{"rendered":"A Propos"},"content":{"rendered":"\n<p>Maloya Conciergerie est n\u00e9e de la rencontre entre mon amour pour ma r\u00e9gion, mon d\u00e9sir de bien recevoir et ma passion pour l&rsquo;immobilier.<\/p>\n\n\n\n<p>J&rsquo;ai souhait\u00e9 cr\u00e9er une entreprise \u00e0 taille humaine, \u00e0 l&rsquo;\u00e9coute des envies de mes clients.<\/p>\n\n\n\n<p>Je souhaite mettre mon \u00e9nergie et ma motivation au service de toutes les personnes qui ont une r\u00e9sidence secondaire ou un bien qu&rsquo;ils aimeraient mettre en location courte dur\u00e9e mais qui savent combien cette activit\u00e9 peut vite devenir chronophage et source de stress.<\/p>\n\n\n\n<p>Mon objectif est de vous apporter mon expertise afin d&rsquo;optimiser vos revenus locatifs et prendre soin de votre bien tout en vous apportant la tranquillit\u00e9 d&rsquo;esprit et en vous laissant du temps pour vous. Vous ne vous occupez plus que de recevoir les b\u00e9n\u00e9fices de vos locations!<\/p>\n","protected":false},"excerpt":{"rendered":"<p>Maloya Conciergerie est n\u00e9e de la rencontre entre mon amour pour ma r\u00e9gion, mon d\u00e9sir de bien recevoir et ma passion pour l&rsquo;immobilier. J&rsquo;ai souhait\u00e9 cr\u00e9er une entreprise \u00e0 taille humaine, \u00e0 l&rsquo;\u00e9coute des envies de mes clients. Je souhaite mettre mon \u00e9nergie et ma motivation au service de toutes les personnes qui ont une [&hellip;]<\/p>\n","protected":false},"author":1,"featured_media":0,"parent":0,"menu_order":0,"comment_status":"closed","ping_status":"closed","template":"page-about","meta":{"footnotes":""},"class_list":["post-78","page","type-page","status-publish","hentry"],"_links":{"self":[{"href":"https:\/\/www.maloya-conciergerie.com\/index.php\/wp-json\/wp\/v2\/pages\/78","targetHints":{"allow":["GET"]}}],"collection":[{"href":"https:\/\/www.maloya-conciergerie.com\/index.php\/wp-json\/wp\/v2\/pages"}],"about":[{"href":"https:\/\/www.maloya-conciergerie.com\/index.php\/wp-json\/wp\/v2\/types\/page"}],"author":[{"embeddable":true,"href":"https:\/\/www.maloya-conciergerie.com\/index.php\/wp-json\/wp\/v2\/users\/1"}],"replies":[{"embeddable":true,"href":"https:\/\/www.maloya-conciergerie.com\/index.php\/wp-json\/wp\/v2\/comments?post=78"}],"version-history":[{"count":4,"href":"https:\/\/www.maloya-conciergerie.com\/index.php\/wp-json\/wp\/v2\/pages\/78\/revisions"}],"predecessor-version":[{"id":219,"href":"https:\/\/www.maloya-conciergerie.com\/index.php\/wp-json\/wp\/v2\/pages\/78\/revisions\/219"}],"wp:attachment":[{"href":"https:\/\/www.maloya-conciergerie.com\/index.php\/wp-json\/wp\/v2\/media?parent=78"}],"curies":[{"name":"wp","href":"https:\/\/api.w.org\/{rel}","templated":true}]}}