{"id":68,"date":"2024-09-14T21:21:53","date_gmt":"2024-09-14T19:21:53","guid":{"rendered":"https:\/\/www.maloya-conciergerie.com\/?page_id=68"},"modified":"2024-09-23T15:30:29","modified_gmt":"2024-09-23T13:30:29","slug":"nos-engagements","status":"publish","type":"page","link":"https:\/\/www.maloya-conciergerie.com\/index.php\/nos-engagements\/","title":{"rendered":"Nos Engagements"},"content":{"rendered":"\n<h2 class=\"wp-block-heading has-text-align-center\"><strong>Mise en place<\/strong><\/h2>\n\n\n\n<div class=\"wp-block-columns alignwide is-layout-flex wp-container-core-columns-is-layout-28f84493 wp-block-columns-is-layout-flex\">\n<div class=\"wp-block-column is-vertically-aligned-center is-layout-flow wp-block-column-is-layout-flow\">\n<ul class=\"wp-block-list\">\n<li>Reprise en main de votre annonce et param\u00e9trage<\/li>\n\n\n\n<li>Mise en ligne sur les plateformes de r\u00e9servation&nbsp; (Airbnb et Booking)<\/li>\n\n\n\n<li>Publicit\u00e9s de votre logement sur les r\u00e9seaux sociaux<\/li>\n\n\n\n<li>Optimisation professionnelle des tarifs de vos locations en fonction des saisons et des \u00e9v\u00e9nements de la r\u00e9gion<\/li>\n\n\n\n<li>Optimisation de la rentabilit\u00e9<\/li>\n\n\n\n<li>Livret d&rsquo;accueil disponible dans chaque logement<\/li>\n<\/ul>\n<\/div>\n\n\n\n<div class=\"wp-block-column is-layout-flow wp-block-column-is-layout-flow\">\n<figure class=\"wp-block-image size-full is-resized\"><img decoding=\"async\" src=\"http:\/\/www.maloya-conciergerie.com\/wp-content\/uploads\/2024\/09\/mise-en-place.jpg\" alt=\"\" class=\"wp-image-182\" style=\"width:571px;height:auto\"\/><\/figure>\n<\/div>\n<\/div>\n\n\n\n<h2 class=\"wp-block-heading has-text-align-center\"><strong>Administratif<\/strong><\/h2>\n\n\n\n<div class=\"wp-block-columns alignwide is-layout-flex wp-container-core-columns-is-layout-28232c24 wp-block-columns-is-layout-flex\" style=\"border-style:none;border-width:0px\">\n<div class=\"wp-block-column is-layout-flow wp-block-column-is-layout-flow\">\n<figure class=\"wp-block-image size-full is-resized\"><img loading=\"lazy\" decoding=\"async\" width=\"2560\" height=\"1707\" src=\"https:\/\/www.maloya-conciergerie.com\/wp-content\/uploads\/2024\/09\/administratif-scaled.jpg\" alt=\"\" class=\"wp-image-187\" style=\"width:584px;height:auto\" srcset=\"https:\/\/www.maloya-conciergerie.com\/wp-content\/uploads\/2024\/09\/administratif-scaled.jpg 2560w, https:\/\/www.maloya-conciergerie.com\/wp-content\/uploads\/2024\/09\/administratif-300x200.jpg 300w, https:\/\/www.maloya-conciergerie.com\/wp-content\/uploads\/2024\/09\/administratif-1024x683.jpg 1024w, https:\/\/www.maloya-conciergerie.com\/wp-content\/uploads\/2024\/09\/administratif-768x512.jpg 768w, https:\/\/www.maloya-conciergerie.com\/wp-content\/uploads\/2024\/09\/administratif-1536x1024.jpg 1536w, https:\/\/www.maloya-conciergerie.com\/wp-content\/uploads\/2024\/09\/administratif-2048x1365.jpg 2048w, https:\/\/www.maloya-conciergerie.com\/wp-content\/uploads\/2024\/09\/administratif-1170x780.jpg 1170w\" sizes=\"auto, (max-width: 2560px) 100vw, 2560px\" \/><\/figure>\n<\/div>\n\n\n\n<div class=\"wp-block-column is-vertically-aligned-center is-layout-flow wp-block-column-is-layout-flow\">\n<ul class=\"wp-block-list\">\n<li>Prise en main, optimisation et suivi du planning des r\u00e9servations<\/li>\n\n\n\n<li>Etat des lieux et compte-rendu de fin de location<\/li>\n\n\n\n<li>Communication avec les voyageurs<\/li>\n\n\n\n<li>Suivi de la satisfaction clients gr\u00e2ce aux notations sur les plateformes de r\u00e9servation<\/li>\n\n\n\n<li>Assistance dans l&rsquo;enregistrement de votre bien en location courte dur\u00e9e aupr\u00e8s de votre mairie <\/li>\n<\/ul>\n<\/div>\n<\/div>\n\n\n\n<h2 class=\"wp-block-heading has-text-align-center\"><strong>Prestations<\/strong><\/h2>\n\n\n\n<div class=\"wp-block-columns alignwide is-layout-flex wp-container-core-columns-is-layout-28f84493 wp-block-columns-is-layout-flex\">\n<div class=\"wp-block-column is-vertically-aligned-center is-layout-flow wp-block-column-is-layout-flow\">\n<ul class=\"wp-block-list\">\n<li>Check-in \/ Check-out automatis\u00e9<\/li>\n\n\n\n<li>Entretien de votre bien \u00e0 chaque sortie de locataires<\/li>\n\n\n\n<li>Gestion du linge de maison<\/li>\n\n\n\n<li>Assistance aupr\u00e8s des locataires 24h\/24 &amp; 7j\/7<\/li>\n\n\n\n<li>R\u00e9am\u00e9nagement de votre bien pour les nouvelles locations<\/li>\n<\/ul>\n<\/div>\n\n\n\n<div class=\"wp-block-column is-layout-flow wp-block-column-is-layout-flow\">\n<figure class=\"wp-block-image size-full is-resized\"><img loading=\"lazy\" decoding=\"async\" width=\"2560\" height=\"1709\" src=\"http:\/\/www.maloya-conciergerie.com\/wp-content\/uploads\/2024\/09\/menage-scaled.jpg\" alt=\"\" class=\"wp-image-190\" style=\"width:572px;height:auto\" srcset=\"https:\/\/www.maloya-conciergerie.com\/wp-content\/uploads\/2024\/09\/menage-scaled.jpg 2560w, https:\/\/www.maloya-conciergerie.com\/wp-content\/uploads\/2024\/09\/menage-300x200.jpg 300w, https:\/\/www.maloya-conciergerie.com\/wp-content\/uploads\/2024\/09\/menage-1024x683.jpg 1024w, https:\/\/www.maloya-conciergerie.com\/wp-content\/uploads\/2024\/09\/menage-768x513.jpg 768w, https:\/\/www.maloya-conciergerie.com\/wp-content\/uploads\/2024\/09\/menage-1536x1025.jpg 1536w\" sizes=\"auto, (max-width: 2560px) 100vw, 2560px\" \/><\/figure>\n<\/div>\n<\/div>\n","protected":false},"excerpt":{"rendered":"<p>Mise en place Administratif Prestations<\/p>\n","protected":false},"author":1,"featured_media":0,"parent":0,"menu_order":0,"comment_status":"closed","ping_status":"closed","template":"","meta":{"footnotes":""},"class_list":["post-68","page","type-page","status-publish","hentry"],"_links":{"self":[{"href":"https:\/\/www.maloya-conciergerie.com\/index.php\/wp-json\/wp\/v2\/pages\/68","targetHints":{"allow":["GET"]}}],"collection":[{"href":"https:\/\/www.maloya-conciergerie.com\/index.php\/wp-json\/wp\/v2\/pages"}],"about":[{"href":"https:\/\/www.maloya-conciergerie.com\/index.php\/wp-json\/wp\/v2\/types\/page"}],"author":[{"embeddable":true,"href":"https:\/\/www.maloya-conciergerie.com\/index.php\/wp-json\/wp\/v2\/users\/1"}],"replies":[{"embeddable":true,"href":"https:\/\/www.maloya-conciergerie.com\/index.php\/wp-json\/wp\/v2\/comments?post=68"}],"version-history":[{"count":16,"href":"https:\/\/www.maloya-conciergerie.com\/index.php\/wp-json\/wp\/v2\/pages\/68\/revisions"}],"predecessor-version":[{"id":213,"href":"https:\/\/www.maloya-conciergerie.com\/index.php\/wp-json\/wp\/v2\/pages\/68\/revisions\/213"}],"wp:attachment":[{"href":"https:\/\/www.maloya-conciergerie.com\/index.php\/wp-json\/wp\/v2\/media?parent=68"}],"curies":[{"name":"wp","href":"https:\/\/api.w.org\/{rel}","templated":true}]}}