{"id":65,"date":"2024-09-14T21:20:21","date_gmt":"2024-09-14T19:20:21","guid":{"rendered":"https:\/\/www.maloya-conciergerie.com\/?page_id=65"},"modified":"2024-10-01T10:57:33","modified_gmt":"2024-10-01T08:57:33","slug":"nos-extras","status":"publish","type":"page","link":"https:\/\/www.maloya-conciergerie.com\/index.php\/nos-extras\/","title":{"rendered":"Nos Extras"},"content":{"rendered":"\n<p>Panier de Bienvenue<\/p>\n\n\n\n<p class=\"has-text-align-left\">Nous pr\u00e9parons <strong>sur demande <\/strong>des paniers de bienvenue pour vos h\u00f4tes compos\u00e9s de produits r\u00e9gionaux afin de leur laisser un souvenir gourmand et parfum\u00e9 qui leur donnera \u00e0 coup s\u00fbr l&rsquo;envie de revenir chez vous!<\/p>\n\n\n\n<p><\/p>\n","protected":false},"excerpt":{"rendered":"<p>Panier de Bienvenue Nous pr\u00e9parons sur demande des paniers de bienvenue pour vos h\u00f4tes compos\u00e9s de produits r\u00e9gionaux afin de leur laisser un souvenir gourmand et parfum\u00e9 qui leur donnera \u00e0 coup s\u00fbr l&rsquo;envie de revenir chez vous!<\/p>\n","protected":false},"author":1,"featured_media":0,"parent":0,"menu_order":0,"comment_status":"closed","ping_status":"closed","template":"","meta":{"footnotes":""},"class_list":["post-65","page","type-page","status-publish","hentry"],"_links":{"self":[{"href":"https:\/\/www.maloya-conciergerie.com\/index.php\/wp-json\/wp\/v2\/pages\/65","targetHints":{"allow":["GET"]}}],"collection":[{"href":"https:\/\/www.maloya-conciergerie.com\/index.php\/wp-json\/wp\/v2\/pages"}],"about":[{"href":"https:\/\/www.maloya-conciergerie.com\/index.php\/wp-json\/wp\/v2\/types\/page"}],"author":[{"embeddable":true,"href":"https:\/\/www.maloya-conciergerie.com\/index.php\/wp-json\/wp\/v2\/users\/1"}],"replies":[{"embeddable":true,"href":"https:\/\/www.maloya-conciergerie.com\/index.php\/wp-json\/wp\/v2\/comments?post=65"}],"version-history":[{"count":3,"href":"https:\/\/www.maloya-conciergerie.com\/index.php\/wp-json\/wp\/v2\/pages\/65\/revisions"}],"predecessor-version":[{"id":221,"href":"https:\/\/www.maloya-conciergerie.com\/index.php\/wp-json\/wp\/v2\/pages\/65\/revisions\/221"}],"wp:attachment":[{"href":"https:\/\/www.maloya-conciergerie.com\/index.php\/wp-json\/wp\/v2\/media?parent=65"}],"curies":[{"name":"wp","href":"https:\/\/api.w.org\/{rel}","templated":true}]}}