{"id":106,"date":"2024-09-14T23:21:21","date_gmt":"2024-09-14T21:21:21","guid":{"rendered":"https:\/\/www.maloya-conciergerie.com\/?page_id=106"},"modified":"2024-09-21T09:45:43","modified_gmt":"2024-09-21T07:45:43","slug":"mentions-legales","status":"publish","type":"page","link":"https:\/\/www.maloya-conciergerie.com\/index.php\/mentions-legales\/","title":{"rendered":"Mentions L\u00e9gales"},"content":{"rendered":"\n<h3 class=\"wp-block-heading has-text-align-center\">Informations<\/h3>\n\n\n\n<figure class=\"wp-block-table\"><table class=\"has-fixed-layout\"><tbody><tr><td>Propri\u00e9taire :<\/td><td>Mme Marjorie PETIT (Maloya Conciergerie)<\/td><\/tr><tr><td>Siret :<\/td><td>93184691900013<\/td><\/tr><tr><td>Adresse :<\/td><td>2160 Chemin de Rambert 13120 GARDANNE (FRANCE)<\/td><\/tr><tr><td>T\u00e9l\u00e9phone :<\/td><td>+33 (0)7 65 29 35 43<\/td><\/tr><tr><td>H\u00e9bergeur :<\/td><td>OVH<\/td><\/tr><tr><td>Site cr\u00e9\u00e9 et maintenu par :<\/td><td>M. Camille RAMA<\/td><\/tr><tr><td>Photos provenant du site :<\/td><td><a href=\"https:\/\/fr.freepik.com\/\">https:\/\/fr.freepik.com\/<\/a><\/td><\/tr><\/tbody><\/table><\/figure>\n\n\n\n<p><\/p>\n","protected":false},"excerpt":{"rendered":"<p>Informations Propri\u00e9taire : Mme Marjorie PETIT (Maloya Conciergerie) Siret : 93184691900013 Adresse : 2160 Chemin de Rambert 13120 GARDANNE (FRANCE) T\u00e9l\u00e9phone : +33 (0)7 65 29 35 43 H\u00e9bergeur : OVH Site cr\u00e9\u00e9 et maintenu par : M. Camille RAMA Photos provenant du site : https:\/\/fr.freepik.com\/<\/p>\n","protected":false},"author":1,"featured_media":0,"parent":0,"menu_order":0,"comment_status":"closed","ping_status":"closed","template":"","meta":{"footnotes":""},"class_list":["post-106","page","type-page","status-publish","hentry"],"_links":{"self":[{"href":"https:\/\/www.maloya-conciergerie.com\/index.php\/wp-json\/wp\/v2\/pages\/106","targetHints":{"allow":["GET"]}}],"collection":[{"href":"https:\/\/www.maloya-conciergerie.com\/index.php\/wp-json\/wp\/v2\/pages"}],"about":[{"href":"https:\/\/www.maloya-conciergerie.com\/index.php\/wp-json\/wp\/v2\/types\/page"}],"author":[{"embeddable":true,"href":"https:\/\/www.maloya-conciergerie.com\/index.php\/wp-json\/wp\/v2\/users\/1"}],"replies":[{"embeddable":true,"href":"https:\/\/www.maloya-conciergerie.com\/index.php\/wp-json\/wp\/v2\/comments?post=106"}],"version-history":[{"count":5,"href":"https:\/\/www.maloya-conciergerie.com\/index.php\/wp-json\/wp\/v2\/pages\/106\/revisions"}],"predecessor-version":[{"id":199,"href":"https:\/\/www.maloya-conciergerie.com\/index.php\/wp-json\/wp\/v2\/pages\/106\/revisions\/199"}],"wp:attachment":[{"href":"https:\/\/www.maloya-conciergerie.com\/index.php\/wp-json\/wp\/v2\/media?parent=106"}],"curies":[{"name":"wp","href":"https:\/\/api.w.org\/{rel}","templated":true}]}}